{"id":7,"date":"2023-02-06T20:04:31","date_gmt":"2023-02-06T20:04:31","guid":{"rendered":"https:\/\/executiveremoteservices.com\/?page_id=7"},"modified":"2023-03-15T20:58:17","modified_gmt":"2023-03-15T20:58:17","slug":"beneficits","status":"publish","type":"page","link":"https:\/\/executiveremoteservices.com\/en\/beneficits\/","title":{"rendered":"BENEFITS"},"content":{"rendered":"<div class=\"wp-block-columns is-layout-flex wp-container-core-columns-is-layout-1 wp-block-columns-is-layout-flex\">\n<div class=\"wp-block-column is-layout-flow wp-block-column-is-layout-flow\"><\/div>\n\n\n\n<div class=\"wp-block-column is-layout-flow wp-block-column-is-layout-flow\"><div class=\"wp-block-image\">\n<figure class=\"aligncenter size-full is-resized\"><img loading=\"lazy\" decoding=\"async\" src=\"https:\/\/executiveremoteservices.com\/wp-content\/uploads\/2023\/02\/ICNO-B.png\" alt=\"\" class=\"wp-image-218\" width=\"150\" height=\"150\" srcset=\"https:\/\/executiveremoteservices.com\/wp-content\/uploads\/2023\/02\/ICNO-B.png 300w, https:\/\/executiveremoteservices.com\/wp-content\/uploads\/2023\/02\/ICNO-B-150x150.png 150w, https:\/\/executiveremoteservices.com\/wp-content\/uploads\/2023\/02\/ICNO-B-12x12.png 12w\" sizes=\"auto, (max-width: 150px) 100vw, 150px\" \/><\/figure><\/div><\/div>\n\n\n\n<div class=\"wp-block-column is-layout-flow wp-block-column-is-layout-flow\"><\/div>\n<\/div>\n\n\n\n<div class=\"wp-block-columns is-layout-flex wp-container-core-columns-is-layout-2 wp-block-columns-is-layout-flex\">\n<div class=\"wp-block-column is-layout-flow wp-block-column-is-layout-flow\"><div class=\"wp-block-image\">\n<figure class=\"aligncenter size-full is-resized\"><img loading=\"lazy\" decoding=\"async\" src=\"https:\/\/executiveremoteservices-com.preview-domain.com\/wp-content\/uploads\/2023\/02\/ICONO-1-13.png\" alt=\"\" class=\"wp-image-92\" width=\"150\" height=\"150\" srcset=\"https:\/\/executiveremoteservices.com\/wp-content\/uploads\/2023\/02\/ICONO-1-13.png 300w, https:\/\/executiveremoteservices.com\/wp-content\/uploads\/2023\/02\/ICONO-1-13-150x150.png 150w\" sizes=\"auto, (max-width: 150px) 100vw, 150px\" \/><\/figure><\/div>\n\n\n<p class=\"has-text-align-center has-text-color has-medium-font-size\" style=\"color:#00000099\"><strong>Centralize all your financial documentation in one place<\/strong><\/p>\n<\/div>\n\n\n\n<div class=\"wp-block-column is-layout-flow wp-block-column-is-layout-flow\"><div class=\"wp-block-image\">\n<figure class=\"aligncenter size-full is-resized\"><img loading=\"lazy\" decoding=\"async\" src=\"https:\/\/executiveremoteservices-com.preview-domain.com\/wp-content\/uploads\/2023\/02\/ICONO-2-2.png\" alt=\"\" class=\"wp-image-95\" width=\"150\" height=\"150\" srcset=\"https:\/\/executiveremoteservices.com\/wp-content\/uploads\/2023\/02\/ICONO-2-2.png 300w, https:\/\/executiveremoteservices.com\/wp-content\/uploads\/2023\/02\/ICONO-2-2-150x150.png 150w\" sizes=\"auto, (max-width: 150px) 100vw, 150px\" \/><\/figure><\/div>\n\n\n<p class=\"has-text-align-center has-text-color has-medium-font-size\" style=\"color:#00000099\"><strong>Keep your accounting information updated in order to comply with your authority request.<\/strong><\/p>\n<\/div>\n\n\n\n<div class=\"wp-block-column is-layout-flow wp-block-column-is-layout-flow\"><div class=\"wp-block-image\">\n<figure class=\"aligncenter size-full is-resized\"><img loading=\"lazy\" decoding=\"async\" src=\"https:\/\/executiveremoteservices-com.preview-domain.com\/wp-content\/uploads\/2023\/02\/ICONO3-1.png\" alt=\"\" class=\"wp-image-96\" width=\"150\" height=\"150\" srcset=\"https:\/\/executiveremoteservices.com\/wp-content\/uploads\/2023\/02\/ICONO3-1.png 300w, https:\/\/executiveremoteservices.com\/wp-content\/uploads\/2023\/02\/ICONO3-1-150x150.png 150w\" sizes=\"auto, (max-width: 150px) 100vw, 150px\" \/><\/figure><\/div>\n\n\n<p class=\"has-text-align-center has-text-color has-medium-font-size\" style=\"color:#00000099\"><strong>Organize your accounting records in one place<\/strong>.<\/p>\n<\/div>\n<\/div>\n\n\n\n<div class=\"wp-block-columns is-layout-flex wp-container-core-columns-is-layout-3 wp-block-columns-is-layout-flex\">\n<div class=\"wp-block-column is-layout-flow wp-block-column-is-layout-flow\"><div class=\"wp-block-image\">\n<figure class=\"aligncenter size-full is-resized\"><img loading=\"lazy\" decoding=\"async\" src=\"https:\/\/executiveremoteservices-com.preview-domain.com\/wp-content\/uploads\/2023\/02\/ICONO-4-1.png\" alt=\"\" class=\"wp-image-97\" width=\"150\" height=\"150\" srcset=\"https:\/\/executiveremoteservices.com\/wp-content\/uploads\/2023\/02\/ICONO-4-1.png 300w, https:\/\/executiveremoteservices.com\/wp-content\/uploads\/2023\/02\/ICONO-4-1-150x150.png 150w\" sizes=\"auto, (max-width: 150px) 100vw, 150px\" \/><\/figure><\/div>\n\n\n<p class=\"has-text-align-center has-text-color has-medium-font-size\" style=\"color:#00000099\"><strong>Work with different CPAs and provide them with your updated financial information.<\/strong><\/p>\n<\/div>\n\n\n\n<div class=\"wp-block-column is-layout-flow wp-block-column-is-layout-flow\"><div class=\"wp-block-image\">\n<figure class=\"aligncenter size-full is-resized\"><img loading=\"lazy\" decoding=\"async\" src=\"https:\/\/executiveremoteservices-com.preview-domain.com\/wp-content\/uploads\/2023\/02\/icono-5-1.png\" alt=\"\" class=\"wp-image-98\" width=\"150\" height=\"150\" srcset=\"https:\/\/executiveremoteservices.com\/wp-content\/uploads\/2023\/02\/icono-5-1.png 300w, https:\/\/executiveremoteservices.com\/wp-content\/uploads\/2023\/02\/icono-5-1-150x150.png 150w\" sizes=\"auto, (max-width: 150px) 100vw, 150px\" \/><\/figure><\/div>\n\n\n<p class=\"has-text-align-center has-text-color has-medium-font-size\" style=\"color:#00000099\"><strong>Your financial information will be avalible to third parties (finance loans, financial statements, financial planning, etc.).<\/strong><\/p>\n<\/div>\n\n\n\n<div class=\"wp-block-column is-layout-flow wp-block-column-is-layout-flow\"><div class=\"wp-block-image\">\n<figure class=\"aligncenter size-full is-resized\"><img loading=\"lazy\" decoding=\"async\" src=\"https:\/\/executiveremoteservices-com.preview-domain.com\/wp-content\/uploads\/2023\/02\/icono-6-1.png\" alt=\"\" class=\"wp-image-99\" width=\"150\" height=\"150\" srcset=\"https:\/\/executiveremoteservices.com\/wp-content\/uploads\/2023\/02\/icono-6-1.png 300w, https:\/\/executiveremoteservices.com\/wp-content\/uploads\/2023\/02\/icono-6-1-150x150.png 150w\" sizes=\"auto, (max-width: 150px) 100vw, 150px\" \/><\/figure><\/div>\n\n\n<p class=\"has-text-align-center has-text-color has-medium-font-size\" style=\"color:#00000099\"><strong>You can reach out to your accountant anytime, without considering this as an extra charge for technical assistance.<\/strong><\/p>\n<\/div>\n<\/div>\n\n\n\n<div style=\"height:100px\" aria-hidden=\"true\" class=\"wp-block-spacer\"><\/div>\n\n\n\n<div class=\"wp-block-group\"><div class=\"wp-block-group__inner-container is-layout-constrained wp-block-group-is-layout-constrained\">\n<div class=\"wp-block-columns is-layout-flex wp-container-core-columns-is-layout-4 wp-block-columns-is-layout-flex\">\n<div class=\"wp-block-column is-layout-flow wp-block-column-is-layout-flow\"><\/div>\n\n\n\n<div class=\"wp-block-column is-layout-flow wp-block-column-is-layout-flow\">\n<figure class=\"wp-block-image size-large is-resized is-style-rounded\"><img loading=\"lazy\" decoding=\"async\" src=\"https:\/\/executiveremoteservices-com.preview-domain.com\/wp-content\/uploads\/2023\/02\/17-edited.png\" alt=\"\" class=\"wp-image-139\" width=\"326\" height=\"326\" srcset=\"https:\/\/executiveremoteservices.com\/wp-content\/uploads\/2023\/02\/17-edited.png 803w, https:\/\/executiveremoteservices.com\/wp-content\/uploads\/2023\/02\/17-edited-300x300.png 300w, https:\/\/executiveremoteservices.com\/wp-content\/uploads\/2023\/02\/17-edited-150x150.png 150w, https:\/\/executiveremoteservices.com\/wp-content\/uploads\/2023\/02\/17-edited-768x768.png 768w\" sizes=\"auto, (max-width: 326px) 100vw, 326px\" \/><\/figure>\n<\/div>\n\n\n\n<div class=\"wp-block-column is-layout-flow wp-block-column-is-layout-flow\"><\/div>\n<\/div>\n<\/div><\/div>\n\n\n\n<blockquote class=\"wp-block-quote is-layout-flow wp-block-quote-is-layout-flow\">\n<p class=\"has-text-align-center has-nv-site-bg-color has-text-color has-background\" style=\"background-color:#1f426d;font-size:23px\">We are happy to help you with any inquiry or question about your business or financial information management.<\/p>\n<\/blockquote>","protected":false},"excerpt":{"rendered":"<p>Reunir toda su documentaci\u00f3n contable en un solo lugar. Mantener actualizada su informaci\u00f3n contable para poder cumplir con tus obligaciones fiscales. Llevar un buen manejo y control de sus libros contables. Gestionar y preparar informaci\u00f3n financiera necesaria en coordinaci\u00f3n con diferentes CPA&#8217;s para la presentaci\u00f3n de su declaraci\u00f3n anual. Su informaci\u00f3n financiera estar\u00e1 al alcance&hellip;&nbsp;<a href=\"https:\/\/executiveremoteservices.com\/en\/beneficits\/\" class=\"\" rel=\"bookmark\">Read More &raquo;<span class=\"screen-reader-text\">BENEFITS<\/span><\/a><\/p>","protected":false},"author":1,"featured_media":0,"parent":0,"menu_order":0,"comment_status":"closed","ping_status":"closed","template":"","meta":{"_monsterinsights_skip_tracking":false,"_monsterinsights_sitenote_active":false,"_monsterinsights_sitenote_note":"","_monsterinsights_sitenote_category":0,"neve_meta_sidebar":"","neve_meta_container":"","neve_meta_enable_content_width":"on","neve_meta_content_width":100,"neve_meta_title_alignment":"center","neve_meta_author_avatar":"","neve_post_elements_order":"","neve_meta_disable_header":"off","neve_meta_disable_footer":"off","neve_meta_disable_title":"off","footnotes":""},"class_list":["post-7","page","type-page","status-publish","hentry"],"yoast_head":"<!-- This site is optimized with the Yoast SEO plugin v24.9 - https:\/\/yoast.com\/wordpress\/plugins\/seo\/ -->\n<title>BENEFICIOS  -<\/title>\n<meta name=\"description\" content=\"BENEFICIOS  -\" \/>\n<meta name=\"robots\" content=\"index, follow, max-snippet:-1, max-image-preview:large, max-video-preview:-1\" \/>\n<link rel=\"canonical\" href=\"https:\/\/executiveremoteservices.com\/en\/beneficits\/\" \/>\n<meta property=\"og:locale\" content=\"en_US\" \/>\n<meta property=\"og:type\" content=\"article\" \/>\n<meta property=\"og:title\" content=\"BENEFICIOS  -\" \/>\n<meta property=\"og:description\" content=\"BENEFICIOS  -\" \/>\n<meta property=\"og:url\" content=\"https:\/\/executiveremoteservices.com\/en\/beneficits\/\" \/>\n<meta property=\"article:modified_time\" content=\"2023-03-15T20:58:17+00:00\" \/>\n<meta property=\"og:image\" content=\"https:\/\/executiveremoteservices.com\/wp-content\/uploads\/2023\/02\/ICNO-B.png\" \/>\n<meta name=\"twitter:card\" content=\"summary_large_image\" \/>\n<meta name=\"twitter:label1\" content=\"Est. reading time\" \/>\n\t<meta name=\"twitter:data1\" content=\"3 minutes\" \/>\n<script type=\"application\/ld+json\" class=\"yoast-schema-graph\">{\"@context\":\"https:\/\/schema.org\",\"@graph\":[{\"@type\":\"WebPage\",\"@id\":\"https:\/\/executiveremoteservices.com\/beneficits\/\",\"url\":\"https:\/\/executiveremoteservices.com\/beneficits\/\",\"name\":\"BENEFICIOS -\",\"isPartOf\":{\"@id\":\"https:\/\/executiveremoteservices.com\/#website\"},\"primaryImageOfPage\":{\"@id\":\"https:\/\/executiveremoteservices.com\/beneficits\/#primaryimage\"},\"image\":{\"@id\":\"https:\/\/executiveremoteservices.com\/beneficits\/#primaryimage\"},\"thumbnailUrl\":\"https:\/\/executiveremoteservices.com\/wp-content\/uploads\/2023\/02\/ICNO-B.png\",\"datePublished\":\"2023-02-06T20:04:31+00:00\",\"dateModified\":\"2023-03-15T20:58:17+00:00\",\"description\":\"BENEFICIOS -\",\"breadcrumb\":{\"@id\":\"https:\/\/executiveremoteservices.com\/beneficits\/#breadcrumb\"},\"inLanguage\":\"en-US\",\"potentialAction\":[{\"@type\":\"ReadAction\",\"target\":[\"https:\/\/executiveremoteservices.com\/beneficits\/\"]}]},{\"@type\":\"ImageObject\",\"inLanguage\":\"en-US\",\"@id\":\"https:\/\/executiveremoteservices.com\/beneficits\/#primaryimage\",\"url\":\"https:\/\/executiveremoteservices.com\/wp-content\/uploads\/2023\/02\/ICNO-B.png\",\"contentUrl\":\"https:\/\/executiveremoteservices.com\/wp-content\/uploads\/2023\/02\/ICNO-B.png\"},{\"@type\":\"BreadcrumbList\",\"@id\":\"https:\/\/executiveremoteservices.com\/beneficits\/#breadcrumb\",\"itemListElement\":[{\"@type\":\"ListItem\",\"position\":1,\"name\":\"Home\",\"item\":\"https:\/\/executiveremoteservices.com\/\"},{\"@type\":\"ListItem\",\"position\":2,\"name\":\"BENEFICIOS\"}]},{\"@type\":\"WebSite\",\"@id\":\"https:\/\/executiveremoteservices.com\/#website\",\"url\":\"https:\/\/executiveremoteservices.com\/\",\"name\":\"\",\"description\":\"\",\"potentialAction\":[{\"@type\":\"SearchAction\",\"target\":{\"@type\":\"EntryPoint\",\"urlTemplate\":\"https:\/\/executiveremoteservices.com\/?s={search_term_string}\"},\"query-input\":{\"@type\":\"PropertyValueSpecification\",\"valueRequired\":true,\"valueName\":\"search_term_string\"}}],\"inLanguage\":\"en-US\"}]}<\/script>\n<!-- \/ Yoast SEO plugin. -->","yoast_head_json":{"title":"BENEFICIOS  -","description":"BENEFICIOS  -","robots":{"index":"index","follow":"follow","max-snippet":"max-snippet:-1","max-image-preview":"max-image-preview:large","max-video-preview":"max-video-preview:-1"},"canonical":"https:\/\/executiveremoteservices.com\/en\/beneficits\/","og_locale":"en_US","og_type":"article","og_title":"BENEFICIOS  -","og_description":"BENEFICIOS  -","og_url":"https:\/\/executiveremoteservices.com\/en\/beneficits\/","article_modified_time":"2023-03-15T20:58:17+00:00","og_image":[{"url":"https:\/\/executiveremoteservices.com\/wp-content\/uploads\/2023\/02\/ICNO-B.png","type":"","width":"","height":""}],"twitter_card":"summary_large_image","twitter_misc":{"Est. reading time":"3 minutes"},"schema":{"@context":"https:\/\/schema.org","@graph":[{"@type":"WebPage","@id":"https:\/\/executiveremoteservices.com\/beneficits\/","url":"https:\/\/executiveremoteservices.com\/beneficits\/","name":"BENEFICIOS -","isPartOf":{"@id":"https:\/\/executiveremoteservices.com\/#website"},"primaryImageOfPage":{"@id":"https:\/\/executiveremoteservices.com\/beneficits\/#primaryimage"},"image":{"@id":"https:\/\/executiveremoteservices.com\/beneficits\/#primaryimage"},"thumbnailUrl":"https:\/\/executiveremoteservices.com\/wp-content\/uploads\/2023\/02\/ICNO-B.png","datePublished":"2023-02-06T20:04:31+00:00","dateModified":"2023-03-15T20:58:17+00:00","description":"BENEFICIOS -","breadcrumb":{"@id":"https:\/\/executiveremoteservices.com\/beneficits\/#breadcrumb"},"inLanguage":"en-US","potentialAction":[{"@type":"ReadAction","target":["https:\/\/executiveremoteservices.com\/beneficits\/"]}]},{"@type":"ImageObject","inLanguage":"en-US","@id":"https:\/\/executiveremoteservices.com\/beneficits\/#primaryimage","url":"https:\/\/executiveremoteservices.com\/wp-content\/uploads\/2023\/02\/ICNO-B.png","contentUrl":"https:\/\/executiveremoteservices.com\/wp-content\/uploads\/2023\/02\/ICNO-B.png"},{"@type":"BreadcrumbList","@id":"https:\/\/executiveremoteservices.com\/beneficits\/#breadcrumb","itemListElement":[{"@type":"ListItem","position":1,"name":"Home","item":"https:\/\/executiveremoteservices.com\/"},{"@type":"ListItem","position":2,"name":"BENEFICIOS"}]},{"@type":"WebSite","@id":"https:\/\/executiveremoteservices.com\/#website","url":"https:\/\/executiveremoteservices.com\/","name":"","description":"","potentialAction":[{"@type":"SearchAction","target":{"@type":"EntryPoint","urlTemplate":"https:\/\/executiveremoteservices.com\/?s={search_term_string}"},"query-input":{"@type":"PropertyValueSpecification","valueRequired":true,"valueName":"search_term_string"}}],"inLanguage":"en-US"}]}},"_links":{"self":[{"href":"https:\/\/executiveremoteservices.com\/en\/wp-json\/wp\/v2\/pages\/7","targetHints":{"allow":["GET"]}}],"collection":[{"href":"https:\/\/executiveremoteservices.com\/en\/wp-json\/wp\/v2\/pages"}],"about":[{"href":"https:\/\/executiveremoteservices.com\/en\/wp-json\/wp\/v2\/types\/page"}],"author":[{"embeddable":true,"href":"https:\/\/executiveremoteservices.com\/en\/wp-json\/wp\/v2\/users\/1"}],"replies":[{"embeddable":true,"href":"https:\/\/executiveremoteservices.com\/en\/wp-json\/wp\/v2\/comments?post=7"}],"version-history":[{"count":20,"href":"https:\/\/executiveremoteservices.com\/en\/wp-json\/wp\/v2\/pages\/7\/revisions"}],"predecessor-version":[{"id":271,"href":"https:\/\/executiveremoteservices.com\/en\/wp-json\/wp\/v2\/pages\/7\/revisions\/271"}],"wp:attachment":[{"href":"https:\/\/executiveremoteservices.com\/en\/wp-json\/wp\/v2\/media?parent=7"}],"curies":[{"name":"wp","href":"https:\/\/api.w.org\/{rel}","templated":true}]}}